{"id":277,"date":"2023-05-23T19:26:12","date_gmt":"2023-05-23T19:26:12","guid":{"rendered":"http:\/\/cauce.eleicoes2023.caubr.gov.br\/?page_id=277"},"modified":"2023-07-14T14:18:05","modified_gmt":"2023-07-14T17:18:05","slug":"normativos","status":"publish","type":"page","link":"https:\/\/eleicoes2023.cauce.gov.br\/?page_id=277","title":{"rendered":"Normativos"},"content":{"rendered":"<p><a href=\"https:\/\/eleicoes2023.caubr.gov.br\/wp-content\/uploads\/2023\/07\/EDITAL-DE-CONVOCACAO-ELEICOES-2023.pdf\">Edital de convoca\u00e7\u00e3o das Elei\u00e7\u00f5es 2023 do CAU<\/a><\/p>\n<p><a href=\"https:\/\/transparencia.caubr.gov.br\/resolucao179\/\" target=\"_blank\" rel=\"noopener\">Regulamento Eleitoral: Anexo Resolu\u00e7\u00e3o 179\/2019<\/a><\/p>\n<p><a href=\"https:\/\/transparencia.caubr.gov.br\/arquivos\/deliberacaoplenaria-dpobr-0129-07.pdf\" target=\"_blank\" rel=\"noopener\">Calend\u00e1rio eleitoral 2023<\/a><\/p>\n<p><a href=\"https:\/\/transparencia.caubr.gov.br\/regimentogeral\/\" target=\"_blank\" rel=\"noopener\">Regimento Geral do CAU<\/a><\/p>\n<p>&nbsp;<\/p>\n","protected":false},"excerpt":{"rendered":"<p>Edital de convoca\u00e7\u00e3o das Elei\u00e7\u00f5es 2023 do CAU Regulamento Eleitoral: Anexo Resolu\u00e7\u00e3o 179\/2019 Calend\u00e1rio eleitoral 2023 Regimento Geral do CAU &nbsp;<\/p>\n","protected":false},"author":1,"featured_media":0,"parent":0,"menu_order":0,"comment_status":"closed","ping_status":"closed","template":"","meta":[],"acf":[],"_links":{"self":[{"href":"https:\/\/eleicoes2023.cauce.gov.br\/index.php?rest_route=\/wp\/v2\/pages\/277"}],"collection":[{"href":"https:\/\/eleicoes2023.cauce.gov.br\/index.php?rest_route=\/wp\/v2\/pages"}],"about":[{"href":"https:\/\/eleicoes2023.cauce.gov.br\/index.php?rest_route=\/wp\/v2\/types\/page"}],"author":[{"embeddable":true,"href":"https:\/\/eleicoes2023.cauce.gov.br\/index.php?rest_route=\/wp\/v2\/users\/1"}],"replies":[{"embeddable":true,"href":"https:\/\/eleicoes2023.cauce.gov.br\/index.php?rest_route=%2Fwp%2Fv2%2Fcomments&post=277"}],"version-history":[{"count":55,"href":"https:\/\/eleicoes2023.cauce.gov.br\/index.php?rest_route=\/wp\/v2\/pages\/277\/revisions"}],"predecessor-version":[{"id":1812,"href":"https:\/\/eleicoes2023.cauce.gov.br\/index.php?rest_route=\/wp\/v2\/pages\/277\/revisions\/1812"}],"wp:attachment":[{"href":"https:\/\/eleicoes2023.cauce.gov.br\/index.php?rest_route=%2Fwp%2Fv2%2Fmedia&parent=277"}],"curies":[{"name":"wp","href":"https:\/\/api.w.org\/{rel}","templated":true}]}}